{"id":3848,"date":"2019-07-11T08:46:11","date_gmt":"2019-07-11T08:46:11","guid":{"rendered":"https:\/\/gsccos.com\/?page_id=3848"},"modified":"2023-10-16T14:14:32","modified_gmt":"2023-10-16T07:14:32","slug":"chinh-sach-thanh-toan","status":"publish","type":"page","link":"https:\/\/maythammyhana.com\/?page_id=3848","title":{"rendered":"Ch\u00ednh s\u00e1ch thanh to\u00e1n"},"content":{"rendered":"<p><img decoding=\"async\" loading=\"lazy\" class=\"alignnone wp-image-7989 size-full\" src=\"https:\/\/web5s.info\/demo\/f5b\/wp-content\/uploads\/2020\/07\/future_payment_methods-compressor-1.jpg.png\" alt=\"\" width=\"1187\" height=\"473\" srcset=\"https:\/\/maythammyhana.com\/wp-content\/uploads\/2020\/07\/future_payment_methods-compressor-1.jpg.png 1187w, https:\/\/maythammyhana.com\/wp-content\/uploads\/2020\/07\/future_payment_methods-compressor-1.jpg-24x10.png 24w, https:\/\/maythammyhana.com\/wp-content\/uploads\/2020\/07\/future_payment_methods-compressor-1.jpg-36x14.png 36w, https:\/\/maythammyhana.com\/wp-content\/uploads\/2020\/07\/future_payment_methods-compressor-1.jpg-48x19.png 48w\" sizes=\"(max-width: 1187px) 100vw, 1187px\" \/><\/p>\n<h3>CH\u00cdNH S\u00c1CH THANH TO\u00c1N<\/h3>\n<h3><strong>Quy \u0111\u1ecbnh thanh to\u00e1n <\/strong><\/h3>\n<p><strong>\u0110\u1ed1i v\u1edbi nh\u00e0 ph\u00e2n ph\u1ed1i:<\/strong><\/p>\n<ul>\n<li>\u0110\u1eb7t c\u1ecdc 50% gi\u00e1 tr\u1ecb \u0111\u01a1n h\u00e0ng ngay sau khi k\u00fd h\u1ee3p \u0111\u1ed3ng.<\/li>\n<li>Thanh to\u00e1n n\u1ed1t 50% gi\u00e1 tr\u1ecb \u0111\u01a1n h\u00e0ng c\u00f2n l\u1ea1i ngay sau khi giao h\u00e0ng.<\/li>\n<\/ul>\n<p><strong>\u0110\u1ed1i v\u1edbi kh\u00e1ch h\u00e0ng s\u1ec9:<\/strong><\/p>\n<ul>\n<li>Nh\u1eefng \u0111\u01a1n h\u00e0ng nh\u1ecf v\u00e0 l\u1ebb: Thanh to\u00e1n ngay sau khi giao h\u00e0ng v\u1edbi \u0111\u01a1n h\u00e0ng d\u01b0\u1edbi 5 tri\u1ec7u \u0111\u1ed3ng<\/li>\n<li>\u0110\u1ed1i v\u1edbi nh\u1eefng \u0111\u01a1n h\u00e0ng l\u1edbn h\u01a1n 5 tri\u1ec7u \u0111\u1ed3ng:\n<ul>\n<li style=\"list-style-type: none;\">\n<ul>\n<li>Thanh to\u00e1n chuy\u1ec3n kho\u1ea3n 50 % gi\u00e1 tr\u1ecb \u0111\u01a1n h\u00e0ng, ngay sau khi x\u00e1c nh\u1eadn \u0111\u01a1n h\u00e0ng<\/li>\n<li>Thanh to\u00e1n 50 % gi\u00e1 tr\u1ecb \u0111\u01a1n h\u00e0ng c\u00f2n l\u1ea1i ngay sau khi giao h\u00e0ng<\/li>\n<\/ul>\n<\/li>\n<\/ul>\n<\/li>\n<\/ul>\n<h3><strong>H\u00ecnh th\u1ee9c thanh to\u00e1n<\/strong><\/h3>\n<p><strong>Thanh to\u00e1n ti\u1ec1n m\u1eb7t:<\/strong><\/p>\n<ul>\n<li>Qu\u00fd kh\u00e1ch c\u00f3 th\u1ec3 thanh to\u00e1n cho ng\u01b0\u1eddi giao h\u00e0ng ho\u1eb7c nh\u00e2n vi\u00ean b\u00e1n h\u00e0ng c\u1ee7a <em> Hana Med<\/em><em>\u00a0<\/em>. <em><strong>L\u01b0u \u00fd,<\/strong> <\/em>ch\u1ec9 thanh to\u00e1n khi c\u00f3 phi\u1ebfu thu t\u1eeb <em> Hana Med<\/em><em> .<\/em><\/li>\n<li>N\u1ebfu \u0111\u1ecba \u0111i\u1ec3m giao h\u00e0ng l\u00e0 N\u1ed9i th\u00e0nh H\u00e0 n\u1ed9i &amp; H\u1ed3 Ch\u00ed Minh, \u0111\u1ed3ng th\u1eddi l\u00e0 \u0111\u1ecba \u0111i\u1ec3m thanh to\u00e1n v\u00e0 tr\u1ecb gi\u00e1 \u0111\u01a1n h\u00e0ng d\u01b0\u1edbi <strong>5 tri\u1ec7u \u0111\u1ed3ng<\/strong> th\u00ec ch\u00fang t\u00f4i s\u1ebd thu ti\u1ec1n ngay khi giao h\u00e0ng m\u00e0 kh\u00f4ng c\u1ea7n \u0111\u1eb7t c\u1ecdc.<\/li>\n<\/ul>\n<p><strong>Thanh to\u00e1n chuy\u1ec3n kho\u1ea3n qua ng\u00e2n h\u00e0ng, internet banking<\/strong><\/p>\n<p>Qu\u00fd kh\u00e1ch h\u00e0ng mua s\u1ea3n ph\u1ea9m d\u1ecbch v\u1ee5 chuy\u1ec3n kho\u1ea3n v\u00e0o t\u00e0i kho\u1ea3n sau \u0111\u00e2y:<\/p>\n<ul>\n<li><em>C\u00f4ng ty TNHH \u0111\u1ea7u t\u01b0 v\u00e0 th\u01b0\u01a1ng m\u1ea1i Beauty Hana Med<\/em><\/li>\n<li><em>S\u1ed1 t\u00e0i kho\u1ea3n: &#8230;&#8230;&#8230;&#8230;&#8230;&#8230;..<\/em><\/li>\n<li><em>M\u1edf t\u1ea1i: Ng\u00e2n h\u00e0ng &#8230;&#8230;&#8230;&#8230;&#8230;&#8230;&#8230;&#8230;&#8230;&#8230;&#8230;..<\/em><\/li>\n<\/ul>\n<p><strong><em>Ch\u00fa \u00fd:<\/em><\/strong> Sau khi thanh to\u00e1n b\u1eb1ng h\u00ecnh th\u1ee9c chuy\u1ec3n kho\u1ea3n ho\u1eb7c thanh to\u00e1n tr\u1ef1c tuy\u1ebfn, Qu\u00fd kh\u00e1ch h\u00e0ng n\u00ean li\u00ean l\u1ea1c v\u1edbi b\u1ed9 ph\u1eadn ch\u0103m s\u00f3c kh\u00e1ch h\u00e0ng c\u1ee7a F5B theo th\u00f4ng tin li\u00ean h\u1ec7 nh\u01b0 d\u01b0\u1edbi \u0111\u00e2y \u0111\u1ec3 th\u00f4ng b\u00e1o v\u1ec1 vi\u1ec7c Qu\u00fd kh\u00e1ch \u0111\u00e3 th\u1ef1c hi\u1ec7n vi\u1ec7c thanh to\u00e1n ti\u1ec1n. F5B s\u1ebd ki\u1ec3m tra ti\u1ec1n v\u1ec1 t\u00e0i kho\u1ea3n v\u00e0 th\u1ef1c hi\u1ec7n vi\u1ec7c b\u00e0n giao s\u1ea3n ph\u1ea9m cho Qu\u00fd kh\u00e1ch.<\/p>\n<p>N\u1ebfu qu\u00fd kh\u00e1ch c\u00f3 c\u00e2u h\u1ecfi g\u00ec v\u1ec1 ch\u00ednh s\u00e1ch thanh to\u00e1n, xin vui l\u00f2ng li\u00ean h\u1ec7 v\u1edbi ch\u00fang t\u00f4i qua \u0111\u1ecba ch\u1ec9 email: Phuonghanamed.@gmail.com ho\u1eb7c Hotline: 0965044598<\/p>\n","protected":false},"excerpt":{"rendered":"<p>CH\u00cdNH S\u00c1CH THANH TO\u00c1N Quy \u0111\u1ecbnh thanh to\u00e1n \u0110\u1ed1i v\u1edbi nh\u00e0 ph\u00e2n ph\u1ed1i: \u0110\u1eb7t c\u1ecdc 50% gi\u00e1 tr\u1ecb \u0111\u01a1n h\u00e0ng ngay sau khi k\u00fd h\u1ee3p \u0111\u1ed3ng. Thanh to\u00e1n n\u1ed1t 50% gi\u00e1 tr\u1ecb \u0111\u01a1n h\u00e0ng c\u00f2n l\u1ea1i ngay sau khi giao h\u00e0ng. \u0110\u1ed1i v\u1edbi kh\u00e1ch h\u00e0ng s\u1ec9: Nh\u1eefng \u0111\u01a1n h\u00e0ng nh\u1ecf v\u00e0 l\u1ebb: Thanh to\u00e1n ngay [&hellip;]<\/p>\n","protected":false},"author":1,"featured_media":0,"parent":0,"menu_order":0,"comment_status":"closed","ping_status":"closed","template":"","meta":[],"_links":{"self":[{"href":"https:\/\/maythammyhana.com\/index.php?rest_route=\/wp\/v2\/pages\/3848"}],"collection":[{"href":"https:\/\/maythammyhana.com\/index.php?rest_route=\/wp\/v2\/pages"}],"about":[{"href":"https:\/\/maythammyhana.com\/index.php?rest_route=\/wp\/v2\/types\/page"}],"author":[{"embeddable":true,"href":"https:\/\/maythammyhana.com\/index.php?rest_route=\/wp\/v2\/users\/1"}],"replies":[{"embeddable":true,"href":"https:\/\/maythammyhana.com\/index.php?rest_route=%2Fwp%2Fv2%2Fcomments&post=3848"}],"version-history":[{"count":6,"href":"https:\/\/maythammyhana.com\/index.php?rest_route=\/wp\/v2\/pages\/3848\/revisions"}],"predecessor-version":[{"id":9490,"href":"https:\/\/maythammyhana.com\/index.php?rest_route=\/wp\/v2\/pages\/3848\/revisions\/9490"}],"wp:attachment":[{"href":"https:\/\/maythammyhana.com\/index.php?rest_route=%2Fwp%2Fv2%2Fmedia&parent=3848"}],"curies":[{"name":"wp","href":"https:\/\/api.w.org\/{rel}","templated":true}]}}