{"id":3324,"date":"2019-06-21T03:02:34","date_gmt":"2019-06-21T03:02:34","guid":{"rendered":"https:\/\/gsccos.com\/?page_id=3324"},"modified":"2023-10-16T14:11:09","modified_gmt":"2023-10-16T07:11:09","slug":"chinh-sach-bao-mat","status":"publish","type":"page","link":"https:\/\/maythammyhana.com\/?page_id=3324","title":{"rendered":"Ch\u00ednh s\u00e1ch b\u1ea3o m\u1eadt"},"content":{"rendered":"<p><img decoding=\"async\" loading=\"lazy\" class=\"alignnone wp-image-7981 size-full\" src=\"https:\/\/web5s.info\/demo\/f5b\/wp-content\/uploads\/2020\/07\/Privacy-Policy.jpg.png\" alt=\"\" width=\"1187\" height=\"473\" srcset=\"https:\/\/maythammyhana.com\/wp-content\/uploads\/2020\/07\/Privacy-Policy.jpg.png 1187w, https:\/\/maythammyhana.com\/wp-content\/uploads\/2020\/07\/Privacy-Policy.jpg-24x10.png 24w, https:\/\/maythammyhana.com\/wp-content\/uploads\/2020\/07\/Privacy-Policy.jpg-36x14.png 36w, https:\/\/maythammyhana.com\/wp-content\/uploads\/2020\/07\/Privacy-Policy.jpg-48x19.png 48w\" sizes=\"(max-width: 1187px) 100vw, 1187px\" \/><\/p>\n<h3>CH\u00cdNH S\u00c1CH B\u1ea2O M\u1eacT<\/h3>\n<p><em>C\u00f4ng ty TNHH \u0110\u1ea7u t\u01b0 v\u00e0 th\u01b0\u01a1ng m\u1ea1i Hana Med<\/em><em>\u00a0s\u1edf h\u1eefu trang website https:\/\/maythammyhana.com\/, ch\u00fang t\u00f4i <\/em><em>t\u00f4n tr\u1ecdng quy\u1ec1n ri\u00eang t\u01b0 v\u00e0 m\u1ed1i quan h\u1ec7 \u0111\u01b0\u1ee3c x\u00e2y d\u1ef1ng gi\u1eefa ch\u00fang t\u00f4i v\u1edbi kh\u00e1ch h\u00e0ng. Do \u0111\u00f3, ch\u00fang t\u00f4i s\u1ebd ch\u1ec9 s\u1eed d\u1ee5ng th\u00f4ng tin c\u1ee7a qu\u00fd kh\u00e1ch khi \u0111\u0103ng nh\u1eadp tr\u00ean website Hana Med\u00a0 cho c\u00e1c ho\u1ea1t \u0111\u1ed9ng \u0111\u01b0\u1ee3c \u0111\u1ec1 ra trong Ch\u00ednh s\u00e1ch B\u1ea3o m\u1eadt n\u00e0y. Khi \u0111\u00e3 s\u1eed d\u1ee5ng website \u0111\u1ed3ng ngh\u0129a v\u1edbi vi\u1ec7c qu\u00fd kh\u00e1ch ch\u1ea5p thu\u1eadn Ch\u00ednh s\u00e1ch B\u1ea3o m\u1eadt c\u1ee7a ch\u00fang t\u00f4i.<\/em><\/p>\n<p><em>Qu\u00fd kh\u00e1ch c\u00f3 th\u1ec3 gh\u00e9 th\u0103m<strong> Hana Med\u00a0<\/strong><\/em><em>\u00a0<\/em><em>m\u00e0 kh\u00f4ng c\u1ea7n ph\u1ea3i cung c\u1ea5p b\u1ea5t k\u1ef3 th\u00f4ng tin c\u00e1 nh\u00e2n n\u00e0o. Khi s\u1eed d\u1ee5ng website, qu\u00fd kh\u00e1ch s\u1ebd m\u1eb7c \u0111\u1ecbnh \u1edf trong t\u00ecnh tr\u1ea1ng v\u00f4 danh tr\u1eeb khi qu\u00fd kh\u00e1ch c\u00f3 t\u00e0i kho\u1ea3n tr\u00ean website v\u00e0 \u0111\u0103ng nh\u1eadp b\u1eb1ng th\u00f4ng tin c\u00e1 nh\u00e2n c\u1ee7a m\u00ecnh.<\/em><\/p>\n<h3>1. Thu th\u1eadp th\u00f4ng tin c\u00e1 nh\u00e2n<\/h3>\n<p>Th\u00f4ng tin c\u00e1 nh\u00e2n c\u1ee7a qu\u00fd kh\u00e1ch s\u1ebd \u0111\u01b0\u1ee3c s\u1eed d\u1ee5ng cho nh\u1eefng m\u1ee5c \u0111\u00edch sau \u0111\u00e2y: Cung c\u1ea5p th\u00f4ng tin li\u00ean quan \u0111\u1ebfn s\u1ea3n ph\u1ea9m<\/p>\n<p><strong><em>\u0110\u1ed1i t\u00e1c th\u1ee9 ba v\u00e0 li\u00ean k\u1ebft<\/em><\/strong><\/p>\n<ul>\n<li><em> Hana Med<\/em><em>\u00a0<\/em> cam k\u1ebft kh\u00f4ng b\u00e1n, chia s\u1ebb hay trao \u0111\u1ed5i th\u00f4ng tin c\u00e1 nh\u00e2n c\u1ee7a kh\u00e1ch h\u00e0ng thu th\u1eadp tr\u00ean website cho m\u1ed9t b\u00ean th\u1ee9 ba n\u00e0o kh\u00e1c.<\/li>\n<li><em> Hana Med\u00a0 <\/em>v\u00e0 c\u00e1c nh\u00e0 cung c\u1ea5p b\u00ean th\u1ee9 ba, bao g\u1ed3m Google, c\u00f3 th\u1ec3 s\u1eed d\u1ee5ng cookies c\u1ee7a Google Analytics ho\u1eb7c cookies c\u1ee7a b\u00ean th\u1ee9 ba \u0111\u1ec3 thu th\u1eadp th\u00f4ng tin, t\u1ed1i \u01b0u h\u00f3a v\u00e0 ph\u1ee5c v\u1ee5 cho m\u1ee5c \u0111\u00edch qu\u1ea3ng c\u00e1o d\u1ef1a tr\u00ean nh\u1eefng l\u1ea7n truy c\u1eadp website c\u1ee7a ng\u01b0\u1eddi d\u00f9ng trong qu\u00e1 kh\u1ee9.<\/li>\n<li>Li\u00ean k\u00ea\u0301t gi\u01b0\u0303a website <em> Hana Med<\/em><em>\u00a0<\/em><em>\u00a0<\/em>va\u0300 ca\u0301c website kh\u00e1c ch\u1ec9 d\u00e0nh cho m\u1ee5c \u0111\u00edch cung c\u1ea5p \u0111\u01b0\u1eddng d\u1eabn \u0111\u1ebfn c\u00e1c ngu\u1ed3n th\u00f4ng tin c\u00f3 th\u1ec3 h\u1eefu \u00edch \u0111\u1ed1i v\u1edbi ng\u01b0\u1eddi s\u1eed d\u1ee5ng website. Ch\u00fang t\u00f4i kh\u00f4ng ch\u1ecbu tr\u00e1ch nhi\u1ec7m \u0111\u1ed1i v\u1edbi n\u1ed9i dung c\u0169ng nh\u01b0 t\u00ednh ch\u00ednh x\u00e1c, \u0111\u1ed9 tin c\u1eady c\u1ee7a c\u00e1c s\u1ea3n ph\u1ea9m, d\u1ecbch v\u1ee5 m\u00e0 nh\u1eefng website li\u00ean k\u1ebft cung c\u1ea5p.<\/li>\n<\/ul>\n<h3>2. B\u1ea3o m\u1eadt th\u00f4ng tin c\u00e1 nh\u00e2n<\/h3>\n<p><em> Hana Med<\/em><em>\u00a0<\/em>\u0111\u1ea3m b\u1ea3o r\u1eb1ng m\u1ecdi th\u00f4ng tin c\u00e1 nh\u00e2n c\u1ee7a qu\u00fd kh\u00e1ch s\u1ebd \u0111\u01b0\u1ee3c l\u01b0u gi\u1eef an to\u00e0n. Ch\u00fang t\u00f4i b\u1ea3o v\u1ec7 th\u00f4ng tin c\u00e1 nh\u00e2n c\u1ee7a qu\u00fd kh\u00e1ch b\u1eb1ng c\u00e1ch:<\/p>\n<ul>\n<li>Gi\u1edbi h\u1ea1n truy c\u1eadp th\u00f4ng tin c\u00e1 nh\u00e2n<\/li>\n<li>Ch\u00fang t\u00f4i l\u01b0u tr\u1eef v\u00e0 b\u1ea3o m\u1eadt th\u00f4ng tin c\u00e1 nh\u00e2n c\u1ee7a kh\u00e1ch h\u00e0ng t\u1ea1i m\u00e1y ch\u1ee7 v\u00e0 s\u1eed d\u1ee5ng c\u00e1c s\u1ea3n ph\u1ea9m c\u00f4ng ngh\u1ec7 \u0111\u1ec3 ng\u0103n ch\u1eb7n truy c\u1eadp tr\u00e1i ph\u00e9p<\/li>\n<li>H\u1ec7 th\u1ed1ng c\u1ee7a ch\u00fang t\u00f4i th\u01b0\u1eddng xuy\u00ean ph\u1ed1i h\u1ee3p v\u1edbi c\u00e1c chuy\u00ean gia b\u1ea3o m\u1eadt, nh\u1eb1m c\u1eadp nh\u1eadt nh\u1eefng th\u00f4ng tin m\u1edbi nh\u1ea5t v\u1ec1 an ninh m\u1ea1ng v\u00e0 t\u0103ng c\u01b0\u1eddng b\u1ea3o m\u1eadt th\u00f4ng tin c\u00e1 nh\u00e2n c\u1ee7a qu\u00fd kh\u00e1ch<\/li>\n<\/ul>\n<p>Ngo\u00e0i ra, ch\u00fang t\u00f4i c\u00f3 th\u1ec3 ti\u1ebft l\u1ed9 b\u1ea5t k\u1ef3 th\u00f4ng tin n\u00e0o khi c\u1ea7n thi\u1ebft n\u1ebfu c\u01a1 quan ph\u00e1p lu\u1eadt y\u00eau c\u1ea7u ho\u1eb7c \u0111\u1ec3 ng\u0103n ch\u1eb7n s\u1ef1 t\u1ed5n h\u1ea1i v\u1ec1 th\u1ec3 ch\u1ea5t ho\u1eb7c t\u1ed5n th\u1ea5t v\u1ec1 t\u00e0i ch\u00ednh ho\u1eb7c li\u00ean quan \u0111\u1ebfn c\u00e1c ho\u1ea1t \u0111\u1ed9ng ph\u00e1p l\u00fd c\u00f3 th\u1ec3 x\u1ea3y ra.<\/p>\n<h3>3. Thay \u0111\u1ed5i c\u1ee7a Ch\u00ednh s\u00e1ch B\u1ea3o m\u1eadt<\/h3>\n<p><em> Hana Med<\/em><em>\u00a0<\/em> c\u00f3 quy\u1ec1n thay \u0111\u1ed5i v\u00e0 ch\u1ec9nh s\u1eeda Ch\u00ednh s\u00e1ch B\u1ea3o m\u1eadt v\u00e0o b\u1ea5t k\u1ef3 l\u00fac n\u00e0o. B\u1ea5t c\u1ee9 thay \u0111\u1ed5i n\u00e0o v\u1ec1 ch\u00ednh s\u00e1ch n\u00e0y \u0111\u1ec1u \u0111\u01b0\u1ee3c \u0111\u0103ng t\u1ea3i tr\u00ean website c\u1ee7a ch\u00fang t\u00f4i.<\/p>\n<p>N\u1ebfu qu\u00fd kh\u00e1ch c\u00f3 c\u00e2u h\u1ecfi g\u00ec v\u1ec1 ch\u00ednh s\u00e1ch b\u1ea3o m\u1eadt, xin vui l\u00f2ng li\u00ean h\u1ec7 v\u1edbi ch\u00fang t\u00f4i qua \u0111\u1ecba ch\u1ec9 Phuonghanamed@gmail.com ho\u1eb7c Hotline: 09.65.04.4598<\/p>\n<p>&nbsp;<\/p>\n","protected":false},"excerpt":{"rendered":"<p>CH\u00cdNH S\u00c1CH B\u1ea2O M\u1eacT C\u00f4ng ty TNHH \u0110\u1ea7u t\u01b0 v\u00e0 th\u01b0\u01a1ng m\u1ea1i Hana Med\u00a0s\u1edf h\u1eefu trang website https:\/\/maythammyhana.com\/, ch\u00fang t\u00f4i t\u00f4n tr\u1ecdng quy\u1ec1n ri\u00eang t\u01b0 v\u00e0 m\u1ed1i quan h\u1ec7 \u0111\u01b0\u1ee3c x\u00e2y d\u1ef1ng gi\u1eefa ch\u00fang t\u00f4i v\u1edbi kh\u00e1ch h\u00e0ng. Do \u0111\u00f3, ch\u00fang t\u00f4i s\u1ebd ch\u1ec9 s\u1eed d\u1ee5ng th\u00f4ng tin c\u1ee7a qu\u00fd kh\u00e1ch khi \u0111\u0103ng nh\u1eadp tr\u00ean [&hellip;]<\/p>\n","protected":false},"author":1,"featured_media":0,"parent":0,"menu_order":0,"comment_status":"closed","ping_status":"closed","template":"","meta":[],"_links":{"self":[{"href":"https:\/\/maythammyhana.com\/index.php?rest_route=\/wp\/v2\/pages\/3324"}],"collection":[{"href":"https:\/\/maythammyhana.com\/index.php?rest_route=\/wp\/v2\/pages"}],"about":[{"href":"https:\/\/maythammyhana.com\/index.php?rest_route=\/wp\/v2\/types\/page"}],"author":[{"embeddable":true,"href":"https:\/\/maythammyhana.com\/index.php?rest_route=\/wp\/v2\/users\/1"}],"replies":[{"embeddable":true,"href":"https:\/\/maythammyhana.com\/index.php?rest_route=%2Fwp%2Fv2%2Fcomments&post=3324"}],"version-history":[{"count":5,"href":"https:\/\/maythammyhana.com\/index.php?rest_route=\/wp\/v2\/pages\/3324\/revisions"}],"predecessor-version":[{"id":9488,"href":"https:\/\/maythammyhana.com\/index.php?rest_route=\/wp\/v2\/pages\/3324\/revisions\/9488"}],"wp:attachment":[{"href":"https:\/\/maythammyhana.com\/index.php?rest_route=%2Fwp%2Fv2%2Fmedia&parent=3324"}],"curies":[{"name":"wp","href":"https:\/\/api.w.org\/{rel}","templated":true}]}}